{"id":617,"date":"2020-07-14T08:45:20","date_gmt":"2020-07-14T08:45:20","guid":{"rendered":"https:\/\/adlucempharma.com\/careers\/"},"modified":"2021-10-08T12:44:04","modified_gmt":"2021-10-08T10:44:04","slug":"carrieres","status":"publish","type":"page","link":"https:\/\/adlucempharma.com\/fr\/carrieres\/","title":{"rendered":"Carri\u00e8res"},"content":{"rendered":"\t\t<div data-elementor-type=\"wp-page\" data-elementor-id=\"617\" class=\"elementor elementor-617 elementor-17\">\n\t\t\t\t\t\t<section class=\"elementor-section elementor-top-section elementor-element elementor-element-2e5f665 elementor-section-stretched elementor-section-full_width elementor-section-height-default elementor-section-height-default\" data-id=\"2e5f665\" data-element_type=\"section\" data-e-type=\"section\" data-settings=\"{&quot;stretch_section&quot;:&quot;section-stretched&quot;,&quot;background_background&quot;:&quot;classic&quot;}\">\n\t\t\t\t\t\t<div class=\"elementor-container elementor-column-gap-default\">\n\t\t\t\t\t<div class=\"elementor-column elementor-col-100 elementor-top-column elementor-element elementor-element-4faaa7c\" data-id=\"4faaa7c\" data-element_type=\"column\" data-e-type=\"column\">\n\t\t\t<div class=\"elementor-widget-wrap elementor-element-populated\">\n\t\t\t\t\t\t<section class=\"elementor-section elementor-inner-section elementor-element elementor-element-d2d4906 elementor-section-full_width elementor-section-content-middle elementor-section-height-default elementor-section-height-default\" data-id=\"d2d4906\" data-element_type=\"section\" data-e-type=\"section\" data-settings=\"{&quot;background_background&quot;:&quot;classic&quot;}\">\n\t\t\t\t\t\t<div class=\"elementor-container elementor-column-gap-default\">\n\t\t\t\t\t<div class=\"elementor-column elementor-col-100 elementor-inner-column elementor-element elementor-element-6b29301\" data-id=\"6b29301\" data-element_type=\"column\" data-e-type=\"column\">\n\t\t\t<div class=\"elementor-widget-wrap elementor-element-populated\">\n\t\t\t\t\t\t<div class=\"elementor-element elementor-element-5af4899 elementor-widget elementor-widget-text-editor\" data-id=\"5af4899\" data-element_type=\"widget\" data-e-type=\"widget\" data-widget_type=\"text-editor.default\">\n\t\t\t\t<div class=\"elementor-widget-container\">\n\t\t\t\t\t\t\t\t\t<h1>CARRI\u00c8RES<\/h1>\n<h3 style=\"color: #0bbbef;\">Rejoignez-nous !<\/h3>\t\t\t\t\t\t\t\t<\/div>\n\t\t\t\t<\/div>\n\t\t\t\t\t<\/div>\n\t\t<\/div>\n\t\t\t\t\t<\/div>\n\t\t<\/section>\n\t\t\t\t\t<\/div>\n\t\t<\/div>\n\t\t\t\t\t<\/div>\n\t\t<\/section>\n\t\t\t\t<section class=\"elementor-section elementor-top-section elementor-element elementor-element-1435a18 elementor-section-stretched elementor-section-boxed elementor-section-height-default elementor-section-height-default\" data-id=\"1435a18\" data-element_type=\"section\" data-e-type=\"section\" data-settings=\"{&quot;stretch_section&quot;:&quot;section-stretched&quot;}\">\n\t\t\t\t\t\t<div class=\"elementor-container elementor-column-gap-wider\">\n\t\t\t\t\t<div class=\"elementor-column elementor-col-100 elementor-top-column elementor-element elementor-element-39afa43\" data-id=\"39afa43\" data-element_type=\"column\" data-e-type=\"column\">\n\t\t\t<div class=\"elementor-widget-wrap elementor-element-populated\">\n\t\t\t\t\t\t<section class=\"elementor-section elementor-inner-section elementor-element elementor-element-ebdee4f elementor-section-boxed elementor-section-height-default elementor-section-height-default\" data-id=\"ebdee4f\" data-element_type=\"section\" data-e-type=\"section\">\n\t\t\t\t\t\t<div class=\"elementor-container elementor-column-gap-default\">\n\t\t\t\t\t<div class=\"elementor-column elementor-col-100 elementor-inner-column elementor-element elementor-element-26fdb5d\" data-id=\"26fdb5d\" data-element_type=\"column\" data-e-type=\"column\">\n\t\t\t<div class=\"elementor-widget-wrap elementor-element-populated\">\n\t\t\t\t\t\t<div class=\"elementor-element elementor-element-d22ca4c elementor-widget elementor-widget-text-editor\" data-id=\"d22ca4c\" data-element_type=\"widget\" data-e-type=\"widget\" data-widget_type=\"text-editor.default\">\n\t\t\t\t<div class=\"elementor-widget-container\">\n\t\t\t\t\t\t\t\t\t<h4>ALP &#8211; Consulting est compos\u00e9e d\u2019une \u00e9quipe de consultants internationaux bas\u00e9s en Suisse et dans les march\u00e9s-cl\u00e9s en Afrique.\n\nNous sommes constamment \u00e0 la recherche de professionnels de talents et avec un grand enthousiasme pour l\u2019Afrique.<\/h4>\n\nNotre force r\u00e9side dans nos profils tr\u00e8s vari\u00e9s et dans la diversit\u00e9 culturelle qui caract\u00e9rise nos \u00e9quipes.\t\t\t\t\t\t\t\t<\/div>\n\t\t\t\t<\/div>\n\t\t\t\t\t<\/div>\n\t\t<\/div>\n\t\t\t\t\t<\/div>\n\t\t<\/section>\n\t\t\t\t<div class=\"elementor-element elementor-element-cce6099 elementor-align-justify elementor-widget elementor-widget-button\" data-id=\"cce6099\" data-element_type=\"widget\" data-e-type=\"widget\" data-widget_type=\"button.default\">\n\t\t\t\t<div class=\"elementor-widget-container\">\n\t\t\t\t\t\t\t\t\t<div class=\"elementor-button-wrapper\">\n\t\t\t\t\t<a class=\"elementor-button elementor-button-link elementor-size-sm\" href=\"mailto:info@adlucempharma.com\">\n\t\t\t\t\t\t<span class=\"elementor-button-content-wrapper\">\n\t\t\t\t\t\t\t\t\t<span class=\"elementor-button-text\">Si vous souhaitez rejoindre notre entreprise, veuillez cliquer ici et laisser votre CV.\u200b<\/span>\n\t\t\t\t\t<\/span>\n\t\t\t\t\t<\/a>\n\t\t\t\t<\/div>\n\t\t\t\t\t\t\t\t<\/div>\n\t\t\t\t<\/div>\n\t\t\t\t\t<\/div>\n\t\t<\/div>\n\t\t\t\t\t<\/div>\n\t\t<\/section>\n\t\t\t\t<section class=\"elementor-section elementor-top-section elementor-element elementor-element-2a1d18f elementor-section-stretched elementor-hidden-desktop elementor-hidden-tablet elementor-hidden-mobile elementor-section-boxed elementor-section-height-default elementor-section-height-default\" data-id=\"2a1d18f\" data-element_type=\"section\" data-e-type=\"section\" data-settings=\"{&quot;stretch_section&quot;:&quot;section-stretched&quot;}\">\n\t\t\t\t\t\t<div class=\"elementor-container elementor-column-gap-wider\">\n\t\t\t\t\t<div class=\"elementor-column elementor-col-100 elementor-top-column elementor-element elementor-element-b8f190c\" data-id=\"b8f190c\" data-element_type=\"column\" data-e-type=\"column\">\n\t\t\t<div class=\"elementor-widget-wrap elementor-element-populated\">\n\t\t\t\t\t\t<section class=\"elementor-section elementor-inner-section elementor-element elementor-element-022b0f2 elementor-section-boxed elementor-section-height-default elementor-section-height-default\" data-id=\"022b0f2\" data-element_type=\"section\" data-e-type=\"section\">\n\t\t\t\t\t\t<div class=\"elementor-container elementor-column-gap-default\">\n\t\t\t\t\t<div class=\"elementor-column elementor-col-100 elementor-inner-column elementor-element elementor-element-940e0a5\" data-id=\"940e0a5\" data-element_type=\"column\" data-e-type=\"column\">\n\t\t\t<div class=\"elementor-widget-wrap elementor-element-populated\">\n\t\t\t\t\t\t<div class=\"elementor-element elementor-element-296d5b7 elementor-widget elementor-widget-text-editor\" data-id=\"296d5b7\" data-element_type=\"widget\" data-e-type=\"widget\" data-widget_type=\"text-editor.default\">\n\t\t\t\t<div class=\"elementor-widget-container\">\n\t\t\t\t\t\t\t\t\t<h3>Title job 1<\/h3><h4>Aliquam imperdiet ultrices tellus, vele gestas lacus pretium quis. praesent mauris urna vestibulum.<\/h4>\t\t\t\t\t\t\t\t<\/div>\n\t\t\t\t<\/div>\n\t\t\t\t\t<\/div>\n\t\t<\/div>\n\t\t\t\t\t<\/div>\n\t\t<\/section>\n\t\t\t\t<section class=\"elementor-section elementor-inner-section elementor-element elementor-element-2b595f2 elementor-section-boxed elementor-section-height-default elementor-section-height-default\" data-id=\"2b595f2\" data-element_type=\"section\" data-e-type=\"section\">\n\t\t\t\t\t\t<div class=\"elementor-container elementor-column-gap-default\">\n\t\t\t\t\t<div class=\"elementor-column elementor-col-50 elementor-inner-column elementor-element elementor-element-d7257ba\" data-id=\"d7257ba\" data-element_type=\"column\" data-e-type=\"column\">\n\t\t\t<div class=\"elementor-widget-wrap elementor-element-populated\">\n\t\t\t\t\t\t<div class=\"elementor-element elementor-element-980e78c elementor-widget elementor-widget-text-editor\" data-id=\"980e78c\" data-element_type=\"widget\" data-e-type=\"widget\" data-widget_type=\"text-editor.default\">\n\t\t\t\t<div class=\"elementor-widget-container\">\n\t\t\t\t\t\t\t\t\t<p>Description :<\/p><p>Lorem ipsum dolor sit amet, consectetur adipiscing elit. Ut elit tellus, luctus nec mattis, pulvinar dapibus leo. Etiam ullamcorper. Suspendisse a pellentesque dui, non felis.<\/p><p>Lorem ipsum dolor sit amet enim. Etiam ullamcorper. Suspendisse dui non felis ultrices tellus lacus. Lorem ipsum dolor sit amet, consectetur adipiscing elit. Ut elit tellus, luctus nec mattis, pulvinar dapibus leo. Etiam ullamcorper. Suspendisse a pellentesque dui, non felis. Lorem ipsum dolor sit amet enim. Etiam ullamcorper. Suspendisse dui non felis ultrices tellus lacus. Lorem ipsum dolor sit amet, consectetur adipiscing elit.<\/p>\t\t\t\t\t\t\t\t<\/div>\n\t\t\t\t<\/div>\n\t\t\t\t\t<\/div>\n\t\t<\/div>\n\t\t\t\t<div class=\"elementor-column elementor-col-50 elementor-inner-column elementor-element elementor-element-d745433\" data-id=\"d745433\" data-element_type=\"column\" data-e-type=\"column\">\n\t\t\t<div class=\"elementor-widget-wrap elementor-element-populated\">\n\t\t\t\t\t\t<div class=\"elementor-element elementor-element-96e62bb elementor-widget elementor-widget-text-editor\" data-id=\"96e62bb\" data-element_type=\"widget\" data-e-type=\"widget\" data-widget_type=\"text-editor.default\">\n\t\t\t\t<div class=\"elementor-widget-container\">\n\t\t\t\t\t\t\t\t\t<h6 style=\"margin-bottom: 5px;\">LIEU<\/h6><h4>Lausanne<\/h4><h6>POURCENTAGE<\/h6><h4>100%<\/h4><h6>TYPE<\/h6><h4>CDI<\/h4>\t\t\t\t\t\t\t\t<\/div>\n\t\t\t\t<\/div>\n\t\t\t\t\t<\/div>\n\t\t<\/div>\n\t\t\t\t\t<\/div>\n\t\t<\/section>\n\t\t\t\t<div class=\"elementor-element elementor-element-2f6240d elementor-align-justify elementor-widget elementor-widget-button\" data-id=\"2f6240d\" data-element_type=\"widget\" data-e-type=\"widget\" data-widget_type=\"button.default\">\n\t\t\t\t<div class=\"elementor-widget-container\">\n\t\t\t\t\t\t\t\t\t<div class=\"elementor-button-wrapper\">\n\t\t\t\t\t<a class=\"elementor-button elementor-button-link elementor-size-sm\" href=\"mailto:\">\n\t\t\t\t\t\t<span class=\"elementor-button-content-wrapper\">\n\t\t\t\t\t\t\t\t\t<span class=\"elementor-button-text\">Envoyez-nous vos CV en cliquant sur le lien si vous \u00eates int\u00e9ress\u00e9s \u00e0 nous rejoindre.<\/span>\n\t\t\t\t\t<\/span>\n\t\t\t\t\t<\/a>\n\t\t\t\t<\/div>\n\t\t\t\t\t\t\t\t<\/div>\n\t\t\t\t<\/div>\n\t\t\t\t\t<\/div>\n\t\t<\/div>\n\t\t\t\t\t<\/div>\n\t\t<\/section>\n\t\t\t\t<section class=\"elementor-section elementor-top-section elementor-element elementor-element-eefbb4b elementor-section-stretched elementor-section-full_width elementor-section-height-default elementor-section-height-default\" data-id=\"eefbb4b\" data-element_type=\"section\" data-e-type=\"section\" data-settings=\"{&quot;stretch_section&quot;:&quot;section-stretched&quot;,&quot;background_background&quot;:&quot;classic&quot;}\">\n\t\t\t\t\t\t<div class=\"elementor-container elementor-column-gap-default\">\n\t\t\t\t\t<div class=\"elementor-column elementor-col-100 elementor-top-column elementor-element elementor-element-168d3e9\" data-id=\"168d3e9\" data-element_type=\"column\" data-e-type=\"column\">\n\t\t\t<div class=\"elementor-widget-wrap elementor-element-populated\">\n\t\t\t\t\t\t<section class=\"elementor-section elementor-inner-section elementor-element elementor-element-095e19c elementor-section-full_width elementor-section-content-middle elementor-section-height-default elementor-section-height-default\" data-id=\"095e19c\" data-element_type=\"section\" data-e-type=\"section\" data-settings=\"{&quot;background_background&quot;:&quot;classic&quot;}\">\n\t\t\t\t\t\t<div class=\"elementor-container elementor-column-gap-default\">\n\t\t\t\t\t<div class=\"elementor-column elementor-col-50 elementor-inner-column elementor-element elementor-element-c2824a1\" data-id=\"c2824a1\" data-element_type=\"column\" data-e-type=\"column\">\n\t\t\t<div class=\"elementor-widget-wrap elementor-element-populated\">\n\t\t\t\t\t\t<div class=\"elementor-element elementor-element-da1631e elementor-widget elementor-widget-text-editor\" data-id=\"da1631e\" data-element_type=\"widget\" data-e-type=\"widget\" data-widget_type=\"text-editor.default\">\n\t\t\t\t<div class=\"elementor-widget-container\">\n\t\t\t\t\t\t\t\t\t<h6>AD LUCEM PHARMA &#8211; CONSULTING<\/h6>\n<h2 style=\"color: #0bbbef;\">Parlons<br\/>\nde votre projet.<\/h2>\t\t\t\t\t\t\t\t<\/div>\n\t\t\t\t<\/div>\n\t\t\t\t<div class=\"elementor-element elementor-element-6079f23 elementor-align-left elementor-mobile-align-center elementor-widget elementor-widget-button\" data-id=\"6079f23\" data-element_type=\"widget\" data-e-type=\"widget\" data-widget_type=\"button.default\">\n\t\t\t\t<div class=\"elementor-widget-container\">\n\t\t\t\t\t\t\t\t\t<div class=\"elementor-button-wrapper\">\n\t\t\t\t\t<a class=\"elementor-button elementor-button-link elementor-size-md\" href=\"https:\/\/adlucempharma.com\/fr\/contact\/\">\n\t\t\t\t\t\t<span class=\"elementor-button-content-wrapper\">\n\t\t\t\t\t\t\t\t\t<span class=\"elementor-button-text\">Contactez-nous<\/span>\n\t\t\t\t\t<\/span>\n\t\t\t\t\t<\/a>\n\t\t\t\t<\/div>\n\t\t\t\t\t\t\t\t<\/div>\n\t\t\t\t<\/div>\n\t\t\t\t\t<\/div>\n\t\t<\/div>\n\t\t\t\t<div class=\"elementor-column elementor-col-50 elementor-inner-column elementor-element elementor-element-943f23b\" data-id=\"943f23b\" data-element_type=\"column\" data-e-type=\"column\">\n\t\t\t<div class=\"elementor-widget-wrap\">\n\t\t\t\t\t\t\t<\/div>\n\t\t<\/div>\n\t\t\t\t\t<\/div>\n\t\t<\/section>\n\t\t\t\t\t<\/div>\n\t\t<\/div>\n\t\t\t\t\t<\/div>\n\t\t<\/section>\n\t\t\t\t<\/div>\n\t\t","protected":false},"excerpt":{"rendered":"<p>CARRI\u00c8RES Rejoignez-nous ! ALP &#8211; Consulting est compos\u00e9e d\u2019une \u00e9quipe de consultants internationaux bas\u00e9s en Suisse et dans les march\u00e9s-cl\u00e9s en Afrique. Nous sommes constamment \u00e0<span class=\"excerpt-hellip\"> [\u2026]<\/span><\/p>\n","protected":false},"author":1,"featured_media":0,"parent":0,"menu_order":0,"comment_status":"closed","ping_status":"closed","template":"","meta":{"footnotes":""},"class_list":["post-617","page","type-page","status-publish","hentry"],"yoast_head":"<!-- This site is optimized with the Yoast SEO plugin v27.4 - https:\/\/yoast.com\/product\/yoast-seo-wordpress\/ -->\n<title>Rejoignez l&#039;\u00e9quipe - Ad Lucem Pharma Consulting<\/title>\n<meta name=\"description\" content=\"Sp\u00e9cialis\u00e9 dans le consulting pour entreprises pharmaceutiques, nous proposons des solutions pour la vente et la distribution de m\u00e9dicaments.\" \/>\n<meta name=\"robots\" content=\"index, follow, max-snippet:-1, max-image-preview:large, max-video-preview:-1\" \/>\n<link rel=\"canonical\" href=\"https:\/\/adlucempharma.com\/fr\/carrieres\/\" \/>\n<meta property=\"og:locale\" content=\"fr_FR\" \/>\n<meta property=\"og:type\" content=\"article\" \/>\n<meta property=\"og:title\" content=\"Rejoignez l&#039;\u00e9quipe - Ad Lucem Pharma Consulting\" \/>\n<meta property=\"og:description\" content=\"Sp\u00e9cialis\u00e9 dans le consulting pour entreprises pharmaceutiques, nous proposons des solutions pour la vente et la distribution de m\u00e9dicaments.\" \/>\n<meta property=\"og:url\" content=\"https:\/\/adlucempharma.com\/fr\/carrieres\/\" \/>\n<meta property=\"og:site_name\" content=\"Ad Lucem Pharma - Consulting\" \/>\n<meta property=\"article:modified_time\" content=\"2021-10-08T10:44:04+00:00\" \/>\n<meta name=\"twitter:card\" content=\"summary_large_image\" \/>\n<meta name=\"twitter:label1\" content=\"Dur\u00e9e de lecture estim\u00e9e\" \/>\n\t<meta name=\"twitter:data1\" content=\"1 minute\" \/>\n<script type=\"application\/ld+json\" class=\"yoast-schema-graph\">{\"@context\":\"https:\\\/\\\/schema.org\",\"@graph\":[{\"@type\":\"WebPage\",\"@id\":\"https:\\\/\\\/adlucempharma.com\\\/fr\\\/carrieres\\\/\",\"url\":\"https:\\\/\\\/adlucempharma.com\\\/fr\\\/carrieres\\\/\",\"name\":\"Rejoignez l'\u00e9quipe - Ad Lucem Pharma Consulting\",\"isPartOf\":{\"@id\":\"https:\\\/\\\/adlucempharma.com\\\/#website\"},\"datePublished\":\"2020-07-14T08:45:20+00:00\",\"dateModified\":\"2021-10-08T10:44:04+00:00\",\"description\":\"Sp\u00e9cialis\u00e9 dans le consulting pour entreprises pharmaceutiques, nous proposons des solutions pour la vente et la distribution de m\u00e9dicaments.\",\"breadcrumb\":{\"@id\":\"https:\\\/\\\/adlucempharma.com\\\/fr\\\/carrieres\\\/#breadcrumb\"},\"inLanguage\":\"fr-FR\",\"potentialAction\":[{\"@type\":\"ReadAction\",\"target\":[\"https:\\\/\\\/adlucempharma.com\\\/fr\\\/carrieres\\\/\"]}]},{\"@type\":\"BreadcrumbList\",\"@id\":\"https:\\\/\\\/adlucempharma.com\\\/fr\\\/carrieres\\\/#breadcrumb\",\"itemListElement\":[{\"@type\":\"ListItem\",\"position\":1,\"name\":\"Home\",\"item\":\"https:\\\/\\\/adlucempharma.com\\\/fr\\\/\"},{\"@type\":\"ListItem\",\"position\":2,\"name\":\"Carri\u00e8res\"}]},{\"@type\":\"WebSite\",\"@id\":\"https:\\\/\\\/adlucempharma.com\\\/#website\",\"url\":\"https:\\\/\\\/adlucempharma.com\\\/\",\"name\":\"Ad Lucem Pharma - Consulting\",\"description\":\"Medicines for Africa\",\"publisher\":{\"@id\":\"https:\\\/\\\/adlucempharma.com\\\/#organization\"},\"potentialAction\":[{\"@type\":\"SearchAction\",\"target\":{\"@type\":\"EntryPoint\",\"urlTemplate\":\"https:\\\/\\\/adlucempharma.com\\\/?s={search_term_string}\"},\"query-input\":{\"@type\":\"PropertyValueSpecification\",\"valueRequired\":true,\"valueName\":\"search_term_string\"}}],\"inLanguage\":\"fr-FR\"},{\"@type\":\"Organization\",\"@id\":\"https:\\\/\\\/adlucempharma.com\\\/#organization\",\"name\":\"Ad Lucem Pharma Consulting\",\"url\":\"https:\\\/\\\/adlucempharma.com\\\/\",\"logo\":{\"@type\":\"ImageObject\",\"inLanguage\":\"fr-FR\",\"@id\":\"https:\\\/\\\/adlucempharma.com\\\/#\\\/schema\\\/logo\\\/image\\\/\",\"url\":\"https:\\\/\\\/adlucempharma.com\\\/wp-content\\\/uploads\\\/2021\\\/08\\\/adlucempharma-retina.png\",\"contentUrl\":\"https:\\\/\\\/adlucempharma.com\\\/wp-content\\\/uploads\\\/2021\\\/08\\\/adlucempharma-retina.png\",\"width\":586,\"height\":269,\"caption\":\"Ad Lucem Pharma Consulting\"},\"image\":{\"@id\":\"https:\\\/\\\/adlucempharma.com\\\/#\\\/schema\\\/logo\\\/image\\\/\"},\"sameAs\":[\"https:\\\/\\\/www.linkedin.com\\\/company\\\/ad-lucem-pharma-consulting\\\/about\\\/\"]}]}<\/script>\n<!-- \/ Yoast SEO plugin. -->","yoast_head_json":{"title":"Rejoignez l'\u00e9quipe - Ad Lucem Pharma Consulting","description":"Sp\u00e9cialis\u00e9 dans le consulting pour entreprises pharmaceutiques, nous proposons des solutions pour la vente et la distribution de m\u00e9dicaments.","robots":{"index":"index","follow":"follow","max-snippet":"max-snippet:-1","max-image-preview":"max-image-preview:large","max-video-preview":"max-video-preview:-1"},"canonical":"https:\/\/adlucempharma.com\/fr\/carrieres\/","og_locale":"fr_FR","og_type":"article","og_title":"Rejoignez l'\u00e9quipe - Ad Lucem Pharma Consulting","og_description":"Sp\u00e9cialis\u00e9 dans le consulting pour entreprises pharmaceutiques, nous proposons des solutions pour la vente et la distribution de m\u00e9dicaments.","og_url":"https:\/\/adlucempharma.com\/fr\/carrieres\/","og_site_name":"Ad Lucem Pharma - Consulting","article_modified_time":"2021-10-08T10:44:04+00:00","twitter_card":"summary_large_image","twitter_misc":{"Dur\u00e9e de lecture estim\u00e9e":"1 minute"},"schema":{"@context":"https:\/\/schema.org","@graph":[{"@type":"WebPage","@id":"https:\/\/adlucempharma.com\/fr\/carrieres\/","url":"https:\/\/adlucempharma.com\/fr\/carrieres\/","name":"Rejoignez l'\u00e9quipe - Ad Lucem Pharma Consulting","isPartOf":{"@id":"https:\/\/adlucempharma.com\/#website"},"datePublished":"2020-07-14T08:45:20+00:00","dateModified":"2021-10-08T10:44:04+00:00","description":"Sp\u00e9cialis\u00e9 dans le consulting pour entreprises pharmaceutiques, nous proposons des solutions pour la vente et la distribution de m\u00e9dicaments.","breadcrumb":{"@id":"https:\/\/adlucempharma.com\/fr\/carrieres\/#breadcrumb"},"inLanguage":"fr-FR","potentialAction":[{"@type":"ReadAction","target":["https:\/\/adlucempharma.com\/fr\/carrieres\/"]}]},{"@type":"BreadcrumbList","@id":"https:\/\/adlucempharma.com\/fr\/carrieres\/#breadcrumb","itemListElement":[{"@type":"ListItem","position":1,"name":"Home","item":"https:\/\/adlucempharma.com\/fr\/"},{"@type":"ListItem","position":2,"name":"Carri\u00e8res"}]},{"@type":"WebSite","@id":"https:\/\/adlucempharma.com\/#website","url":"https:\/\/adlucempharma.com\/","name":"Ad Lucem Pharma - Consulting","description":"Medicines for Africa","publisher":{"@id":"https:\/\/adlucempharma.com\/#organization"},"potentialAction":[{"@type":"SearchAction","target":{"@type":"EntryPoint","urlTemplate":"https:\/\/adlucempharma.com\/?s={search_term_string}"},"query-input":{"@type":"PropertyValueSpecification","valueRequired":true,"valueName":"search_term_string"}}],"inLanguage":"fr-FR"},{"@type":"Organization","@id":"https:\/\/adlucempharma.com\/#organization","name":"Ad Lucem Pharma Consulting","url":"https:\/\/adlucempharma.com\/","logo":{"@type":"ImageObject","inLanguage":"fr-FR","@id":"https:\/\/adlucempharma.com\/#\/schema\/logo\/image\/","url":"https:\/\/adlucempharma.com\/wp-content\/uploads\/2021\/08\/adlucempharma-retina.png","contentUrl":"https:\/\/adlucempharma.com\/wp-content\/uploads\/2021\/08\/adlucempharma-retina.png","width":586,"height":269,"caption":"Ad Lucem Pharma Consulting"},"image":{"@id":"https:\/\/adlucempharma.com\/#\/schema\/logo\/image\/"},"sameAs":["https:\/\/www.linkedin.com\/company\/ad-lucem-pharma-consulting\/about\/"]}]}},"_links":{"self":[{"href":"https:\/\/adlucempharma.com\/fr\/wp-json\/wp\/v2\/pages\/617","targetHints":{"allow":["GET"]}}],"collection":[{"href":"https:\/\/adlucempharma.com\/fr\/wp-json\/wp\/v2\/pages"}],"about":[{"href":"https:\/\/adlucempharma.com\/fr\/wp-json\/wp\/v2\/types\/page"}],"author":[{"embeddable":true,"href":"https:\/\/adlucempharma.com\/fr\/wp-json\/wp\/v2\/users\/1"}],"replies":[{"embeddable":true,"href":"https:\/\/adlucempharma.com\/fr\/wp-json\/wp\/v2\/comments?post=617"}],"version-history":[{"count":26,"href":"https:\/\/adlucempharma.com\/fr\/wp-json\/wp\/v2\/pages\/617\/revisions"}],"predecessor-version":[{"id":831,"href":"https:\/\/adlucempharma.com\/fr\/wp-json\/wp\/v2\/pages\/617\/revisions\/831"}],"wp:attachment":[{"href":"https:\/\/adlucempharma.com\/fr\/wp-json\/wp\/v2\/media?parent=617"}],"curies":[{"name":"wp","href":"https:\/\/api.w.org\/{rel}","templated":true}]}}